{"id":16440,"date":"2025-09-26T15:13:42","date_gmt":"2025-09-26T15:13:42","guid":{"rendered":"https:\/\/by-lille-taxi.com\/?page_id=16440"},"modified":"2025-09-26T15:20:57","modified_gmt":"2025-09-26T15:20:57","slug":"mentions-legales","status":"publish","type":"page","link":"https:\/\/by-taxi-lille.fr\/index.php\/mentions-legales\/","title":{"rendered":"Mentions l\u00e9gales"},"content":{"rendered":"\t\t<div data-elementor-type=\"wp-page\" data-elementor-id=\"16440\" class=\"elementor elementor-16440\">\n\t\t\t\t\t\t<section class=\"elementor-section elementor-top-section elementor-element elementor-element-81863e2 elementor-reverse-tablet elementor-reverse-mobile elementor-section-boxed elementor-section-height-default elementor-section-height-default\" data-id=\"81863e2\" data-element_type=\"section\">\n\t\t\t\t\t\t<div class=\"elementor-container elementor-column-gap-default\">\n\t\t\t\t\t<div class=\"elementor-column elementor-col-100 elementor-top-column elementor-element elementor-element-620ba03\" data-id=\"620ba03\" data-element_type=\"column\">\n\t\t\t<div class=\"elementor-widget-wrap elementor-element-populated\">\n\t\t\t\t\t\t<div class=\"elementor-element elementor-element-e6dc8fb elementor-widget elementor-widget-text-editor\" data-id=\"e6dc8fb\" data-element_type=\"widget\" data-widget_type=\"text-editor.default\">\n\t\t\t\t\t\t\t\t\t<h2 data-start=\"371\" data-end=\"392\">1) \u00c9diteur du site<\/h2><ul data-start=\"393\" data-end=\"839\"><li data-start=\"393\" data-end=\"431\"><p data-start=\"395\" data-end=\"431\"><strong data-start=\"395\" data-end=\"415\">Nom commercial :<\/strong> BY TAXI<\/p><\/li><li data-start=\"393\" data-end=\"431\"><p data-start=\"395\" data-end=\"431\"><strong data-start=\"434\" data-end=\"459\">D\u00e9nomination l\u00e9gale :<\/strong> <strong data-start=\"460\" data-end=\"471\">BY TAXI<\/strong> (Entrepreneur Individuel)<\/p><\/li><li data-start=\"500\" data-end=\"531\"><p data-start=\"502\" data-end=\"531\"><strong data-start=\"502\" data-end=\"513\">SIREN :<\/strong> <strong data-start=\"514\" data-end=\"529\">917 796 641<\/strong><\/p><\/li><li data-start=\"532\" data-end=\"592\"><p data-start=\"534\" data-end=\"592\"><strong data-start=\"534\" data-end=\"548\">Code APE :<\/strong> 4932Z \u2013 Transports de voyageurs par taxis<\/p><\/li><li data-start=\"593\" data-end=\"672\"><p data-start=\"595\" data-end=\"672\"><strong data-start=\"595\" data-end=\"613\">Si\u00e8ge social :<\/strong> <strong data-start=\"614\" data-end=\"670\">111 rue du G\u00e9n\u00e9ral Leclerc, 59320 Haubourdin, France<\/strong><\/p><\/li><li data-start=\"673\" data-end=\"741\"><p data-start=\"675\" data-end=\"741\"><strong data-start=\"675\" data-end=\"710\">Responsable de la publication :<\/strong> Yassine BEN SALEM<\/p><\/li><li data-start=\"742\" data-end=\"805\"><p data-start=\"744\" data-end=\"805\"><strong data-start=\"744\" data-end=\"757\">Contact :<\/strong> <strong data-start=\"758\" data-end=\"776\">07 58 63 81 14<\/strong> \u2013 <strong data-start=\"779\" data-end=\"803\"><a rel=\"noopener\" data-start=\"781\" data-end=\"801\">by.taxi593@gmail.com<\/a><\/strong><\/p><\/li><li data-start=\"806\" data-end=\"839\"><p data-start=\"808\" data-end=\"839\"><strong data-start=\"808\" data-end=\"818\">Site : by-taxi-lille.fr<\/strong><\/p><\/li><\/ul><blockquote data-start=\"841\" data-end=\"933\"><p data-start=\"843\" data-end=\"933\">Le responsable de la publication est une personne physique, repr\u00e9sentant l\u00e9gal de BY TAXI.<\/p><\/blockquote><h2 data-start=\"935\" data-end=\"958\">2) H\u00e9bergeur du site<\/h2><ul data-start=\"959\" data-end=\"1123\"><li data-start=\"959\" data-end=\"999\"><p data-start=\"961\" data-end=\"999\"><strong data-start=\"961\" data-end=\"976\">H\u00e9bergeur :<\/strong> OVHcloud<\/p><\/li><li data-start=\"1000\" data-end=\"1042\"><p data-start=\"1002\" data-end=\"1042\"><strong data-start=\"1002\" data-end=\"1015\">Adresse :<\/strong>\u00a0<em data-start=\"1125\" data-end=\"1225\">2 rue Kellermann, 59100 Roubaix, France<\/em><\/p><\/li><li data-start=\"1090\" data-end=\"1123\"><p data-start=\"1092\" data-end=\"1123\"><strong data-start=\"1092\" data-end=\"1102\">Site :<\/strong>\u00a0<em data-start=\"1125\" data-end=\"1225\">ovhcloud.com<\/em><\/p><\/li><\/ul><p data-start=\"1125\" data-end=\"1225\"><span style=\"font-family: Inter; font-size: 2rem;\">3) Activit\u00e9 r\u00e9glement\u00e9e \u2013 Taxi<\/span><\/p><ul data-start=\"1261\" data-end=\"1572\"><li data-start=\"1261\" data-end=\"1329\"><p data-start=\"1263\" data-end=\"1329\"><strong data-start=\"1263\" data-end=\"1277\">Activit\u00e9 :<\/strong> Transport public particulier de personnes (Taxi).<\/p><\/li><li data-start=\"1330\" data-end=\"1378\"><p data-start=\"1332\" data-end=\"1378\"><strong data-start=\"1332\" data-end=\"1357\">Zone d\u2019intervention :<\/strong> Lille &amp; M\u00e9tropole.<\/p><\/li><\/ul><h2 data-start=\"1574\" data-end=\"1604\">4) Propri\u00e9t\u00e9 intellectuelle<\/h2><p data-start=\"1605\" data-end=\"1926\">Le pr\u00e9sent site et l\u2019ensemble de ses \u00e9l\u00e9ments (textes, images, vid\u00e9os, logos, chartes graphiques, etc.) sont prot\u00e9g\u00e9s par le droit d\u2019auteur et la propri\u00e9t\u00e9 intellectuelle.<br data-start=\"1776\" data-end=\"1779\" \/>Toute reproduction, repr\u00e9sentation, modification, diffusion ou exploitation, totale ou partielle, sans autorisation pr\u00e9alable \u00e9crite est interdite.<\/p><h2 data-start=\"1928\" data-end=\"1961\">5) Donn\u00e9es personnelles (RGPD)<\/h2><p data-start=\"1962\" data-end=\"2121\">Les informations collect\u00e9es via les formulaires (contact\/r\u00e9servation) sont trait\u00e9es par <strong data-start=\"2050\" data-end=\"2061\">BY TAXI<\/strong> afin de r\u00e9pondre \u00e0 vos demandes et organiser vos trajets.<\/p><ul data-start=\"2122\" data-end=\"2572\"><li data-start=\"2122\" data-end=\"2203\"><p data-start=\"2124\" data-end=\"2203\"><strong data-start=\"2124\" data-end=\"2141\">Base l\u00e9gale :<\/strong> ex\u00e9cution de mesures pr\u00e9contractuelles et int\u00e9r\u00eat l\u00e9gitime.<\/p><\/li><li data-start=\"2204\" data-end=\"2247\"><p data-start=\"2206\" data-end=\"2247\"><strong data-start=\"2206\" data-end=\"2225\">Destinataires :<\/strong> BY TAXI uniquement.<\/p><\/li><li data-start=\"2248\" data-end=\"2323\"><p data-start=\"2250\" data-end=\"2323\"><strong data-start=\"2250\" data-end=\"2277\">Dur\u00e9e de conservation :<\/strong> maximum <strong data-start=\"2286\" data-end=\"2295\">3 ans<\/strong> apr\u00e8s le dernier contact.<\/p><\/li><li data-start=\"2324\" data-end=\"2415\"><p data-start=\"2326\" data-end=\"2415\"><strong data-start=\"2326\" data-end=\"2342\">Vos droits :<\/strong> acc\u00e8s, rectification, effacement, opposition, limitation, portabilit\u00e9.<\/p><\/li><li data-start=\"2416\" data-end=\"2469\"><p data-start=\"2418\" data-end=\"2469\"><strong data-start=\"2418\" data-end=\"2442\">Exercer vos droits :<\/strong> <strong data-start=\"2443\" data-end=\"2467\"><a rel=\"noopener\" data-start=\"2445\" data-end=\"2465\">by.taxi593@gmail.com<\/a><\/strong><\/p><\/li><\/ul><p data-start=\"2574\" data-end=\"2651\">Vous pouvez aussi introduire une r\u00e9clamation aupr\u00e8s de la <strong data-start=\"2632\" data-end=\"2640\">CNIL<\/strong> (cnil.fr).<\/p><h2 data-start=\"2653\" data-end=\"2666\">6) Cookies<\/h2><p data-start=\"2667\" data-end=\"2914\">Le site peut utiliser des cookies n\u00e9cessaires \u00e0 son fonctionnement et, le cas \u00e9ch\u00e9ant, des cookies de mesure d\u2019audience.<\/p><h2 data-start=\"2916\" data-end=\"2936\">7) Responsabilit\u00e9<\/h2><p data-start=\"2937\" data-end=\"3235\">BY TAXI s\u2019efforce d\u2019assurer l\u2019exactitude et la mise \u00e0 jour des informations publi\u00e9es. Toutefois, aucune garantie n\u2019est donn\u00e9e et la responsabilit\u00e9 de l\u2019\u00e9diteur ne saurait \u00eatre engag\u00e9e en cas d\u2019erreurs, d\u2019omissions, d\u2019indisponibilit\u00e9 du service ou de dommages indirects li\u00e9s \u00e0 l\u2019utilisation du site.<\/p><h2 data-start=\"3237\" data-end=\"3257\">8) Liens sortants<\/h2><p data-start=\"3258\" data-end=\"3435\">Le site peut contenir des liens vers des sites tiers. BY TAXI ne peut \u00eatre tenu responsable de leur contenu ni de leurs pratiques (notamment en mati\u00e8re de donn\u00e9es personnelles).<\/p><h2 data-start=\"3437\" data-end=\"3469\">9) Droit applicable \u2013 Litiges<\/h2><p data-start=\"3470\" data-end=\"3719\">Les pr\u00e9sentes mentions sont soumises au <strong data-start=\"3510\" data-end=\"3528\">droit fran\u00e7ais<\/strong>.<br data-start=\"3529\" data-end=\"3532\" \/>En cas de litige et \u00e0 d\u00e9faut de r\u00e9solution amiable, les tribunaux fran\u00e7ais sont comp\u00e9tents.<\/p><h2 data-start=\"3721\" data-end=\"3753\">10) Informations commerciales<\/h2><ul data-start=\"3754\" data-end=\"4026\"><li data-start=\"3754\" data-end=\"3863\"><p data-start=\"3756\" data-end=\"3863\"><strong data-start=\"3756\" data-end=\"3774\">Tarification :<\/strong> les prix et conditions sont communiqu\u00e9s avant la course (sur demande ou confirmation).<\/p><\/li><li data-start=\"3864\" data-end=\"3965\"><p data-start=\"3866\" data-end=\"3965\"><strong data-start=\"3968\" data-end=\"4001\">Moyens de paiement accept\u00e9s :<\/strong> [CB \/ Esp\u00e8ces \/ Autres].<\/p><\/li><\/ul>\t\t\t\t\t\t\t\t<\/div>\n\t\t\t\t\t<\/div>\n\t\t<\/div>\n\t\t\t\t\t<\/div>\n\t\t<\/section>\n\t\t\t\t<\/div>\n\t\t","protected":false},"excerpt":{"rendered":"<p>1) \u00c9diteur du site Nom commercial : BY TAXI D\u00e9nomination l\u00e9gale : BY TAXI (Entrepreneur Individuel) SIREN : 917 796 641 Code APE : 4932Z \u2013 Transports de voyageurs par taxis Si\u00e8ge social : 111 rue du G\u00e9n\u00e9ral Leclerc, 59320 Haubourdin, France Responsable de la publication : Yassine BEN SALEM &#8230;<\/p>\n","protected":false},"author":1,"featured_media":0,"parent":0,"menu_order":0,"comment_status":"closed","ping_status":"closed","template":"elementor_header_footer","meta":{"om_disable_all_campaigns":false,"_monsterinsights_skip_tracking":false,"_monsterinsights_sitenote_active":false,"_monsterinsights_sitenote_note":"","_monsterinsights_sitenote_category":0,"footnotes":""},"class_list":["post-16440","page","type-page","status-publish","hentry"],"aioseo_notices":[],"_links":{"self":[{"href":"https:\/\/by-taxi-lille.fr\/index.php\/wp-json\/wp\/v2\/pages\/16440","targetHints":{"allow":["GET"]}}],"collection":[{"href":"https:\/\/by-taxi-lille.fr\/index.php\/wp-json\/wp\/v2\/pages"}],"about":[{"href":"https:\/\/by-taxi-lille.fr\/index.php\/wp-json\/wp\/v2\/types\/page"}],"author":[{"embeddable":true,"href":"https:\/\/by-taxi-lille.fr\/index.php\/wp-json\/wp\/v2\/users\/1"}],"replies":[{"embeddable":true,"href":"https:\/\/by-taxi-lille.fr\/index.php\/wp-json\/wp\/v2\/comments?post=16440"}],"version-history":[{"count":4,"href":"https:\/\/by-taxi-lille.fr\/index.php\/wp-json\/wp\/v2\/pages\/16440\/revisions"}],"predecessor-version":[{"id":16452,"href":"https:\/\/by-taxi-lille.fr\/index.php\/wp-json\/wp\/v2\/pages\/16440\/revisions\/16452"}],"wp:attachment":[{"href":"https:\/\/by-taxi-lille.fr\/index.php\/wp-json\/wp\/v2\/media?parent=16440"}],"curies":[{"name":"wp","href":"https:\/\/api.w.org\/{rel}","templated":true}]}}